{"id":4316,"date":"2025-07-05T02:45:21","date_gmt":"2025-07-05T02:45:21","guid":{"rendered":"https:\/\/www.becandotussuenosiap.org\/?page_id=4316"},"modified":"2025-11-28T17:52:45","modified_gmt":"2025-11-28T17:52:45","slug":"convocatorias-3","status":"publish","type":"page","link":"https:\/\/www.becandotussuenosiap.org\/?page_id=4316","title":{"rendered":"Convocatorias"},"content":{"rendered":"\t\t<div data-elementor-type=\"wp-page\" data-elementor-id=\"4316\" class=\"elementor elementor-4316\" data-elementor-post-type=\"page\">\n\t\t\t\t<div class=\"elementor-element elementor-element-f4ffddd e-flex e-con-boxed e-con e-parent\" data-id=\"f4ffddd\" data-element_type=\"container\" data-e-type=\"container\" data-settings=\"{&quot;jet_parallax_layout_list&quot;:[]}\">\n\t\t\t\t\t<div class=\"e-con-inner\">\n\t\t\t\t<div class=\"elementor-element elementor-element-739f05b elementor-widget elementor-widget-image\" data-id=\"739f05b\" data-element_type=\"widget\" data-e-type=\"widget\" data-widget_type=\"image.default\">\n\t\t\t\t<div class=\"elementor-widget-container\">\n\t\t\t\t\t\t\t\t\t\t\t\t\t\t\t<img fetchpriority=\"high\" decoding=\"async\" width=\"1024\" height=\"576\" src=\"https:\/\/www.becandotussuenosiap.org\/wp-content\/uploads\/2025\/11\/Portadas-para-la-plataforma.-2-1024x576.png\" class=\"attachment-large size-large wp-image-4383\" alt=\"\" srcset=\"https:\/\/www.becandotussuenosiap.org\/wp-content\/uploads\/2025\/11\/Portadas-para-la-plataforma.-2-1024x576.png 1024w, https:\/\/www.becandotussuenosiap.org\/wp-content\/uploads\/2025\/11\/Portadas-para-la-plataforma.-2-300x169.png 300w, https:\/\/www.becandotussuenosiap.org\/wp-content\/uploads\/2025\/11\/Portadas-para-la-plataforma.-2-768x432.png 768w, https:\/\/www.becandotussuenosiap.org\/wp-content\/uploads\/2025\/11\/Portadas-para-la-plataforma.-2.png 1280w\" sizes=\"(max-width: 1024px) 100vw, 1024px\" \/>\t\t\t\t\t\t\t\t\t\t\t\t\t\t\t<\/div>\n\t\t\t\t<\/div>\n\t\t\t\t\t<\/div>\n\t\t\t\t<\/div>\n\t\t<div class=\"elementor-element elementor-element-6d7cdf5 e-flex e-con-boxed e-con e-parent\" data-id=\"6d7cdf5\" data-element_type=\"container\" data-e-type=\"container\" data-settings=\"{&quot;jet_parallax_layout_list&quot;:[]}\">\n\t\t\t\t\t<div class=\"e-con-inner\">\n\t\t\t\t<div class=\"elementor-element elementor-element-1a3276f elementor-widget elementor-widget-heading\" data-id=\"1a3276f\" data-element_type=\"widget\" data-e-type=\"widget\" data-widget_type=\"heading.default\">\n\t\t\t\t<div class=\"elementor-widget-container\">\n\t\t\t\t\t<h2 class=\"elementor-heading-title elementor-size-default\">\ud83d\udea8\ud83d\udd34 AVISO URGENTE \u2013 LEER ANTES DE PAGAR \ud83d\udd34\ud83d\udea8<\/h2>\t\t\t\t<\/div>\n\t\t\t\t<\/div>\n\t\t\t\t<div class=\"elementor-element elementor-element-46d36fc elementor-widget elementor-widget-text-editor\" data-id=\"46d36fc\" data-element_type=\"widget\" data-e-type=\"widget\" data-widget_type=\"text-editor.default\">\n\t\t\t\t<div class=\"elementor-widget-container\">\n\t\t\t\t\t\t\t\t\t<p>Gracias a la gran respuesta recibida, informamos que el <b>Concurso de Rosca de Reyes Becando Tus Sue\u00f1os 2026<\/b> ya est\u00e1 <b>AGOTADO<\/b>.<br>No se aceptan m\u00e1s inscripciones.<\/p>\n<p><b>\u26a0 IMPORTANTE:<\/b><br>A partir de este aviso, cualquier pago o registro realizado <b>NO ES REEMBOLSABLE<\/b>.<br>Por favor lean cuidadosamente esta informaci\u00f3n antes de realizar cualquier dep\u00f3sito.<\/p>\n<p>\ud83d\udce2 Esta notificaci\u00f3n ya se encuentra publicada en nuestras redes sociales oficiales.<br>Pr\u00f3ximamente estaremos avisando cuando haya otro concurso, nueva convocatoria o masterclass disponible.<\/p>\n<p><b>Gracias por su inter\u00e9s y comprensi\u00f3n.<br>Asociaci\u00f3n Becando tus&nbsp;Sue\u00f1os&nbsp;I.A.P.<\/b><\/p>\t\t\t\t\t\t\t\t<\/div>\n\t\t\t\t<\/div>\n\t\t\t\t\t<\/div>\n\t\t\t\t<\/div>\n\t\t<div class=\"elementor-element elementor-element-1ad41b39 e-flex e-con-boxed e-con e-parent\" data-id=\"1ad41b39\" data-element_type=\"container\" data-e-type=\"container\" data-settings=\"{&quot;jet_parallax_layout_list&quot;:[]}\">\n\t\t\t\t\t<div class=\"e-con-inner\">\n\t\t\t\t<div class=\"elementor-element elementor-element-1f41287d elementor-widget elementor-widget-text-editor\" data-id=\"1f41287d\" data-element_type=\"widget\" data-e-type=\"widget\" data-widget_type=\"text-editor.default\">\n\t\t\t\t<div class=\"elementor-widget-container\">\n\t\t\t\t\t\t\t\t\t\n<figure class=\"wp-block-image size-large\"><img decoding=\"async\" width=\"1024\" height=\"576\" class=\"wp-image-4367\" src=\"https:\/\/www.becandotussuenosiap.org\/wp-content\/uploads\/2025\/11\/Portadas-para-la-plataforma-1024x576.png\" alt=\"\" srcset=\"https:\/\/www.becandotussuenosiap.org\/wp-content\/uploads\/2025\/11\/Portadas-para-la-plataforma-1024x576.png 1024w, https:\/\/www.becandotussuenosiap.org\/wp-content\/uploads\/2025\/11\/Portadas-para-la-plataforma-300x169.png 300w, https:\/\/www.becandotussuenosiap.org\/wp-content\/uploads\/2025\/11\/Portadas-para-la-plataforma-768x432.png 768w, https:\/\/www.becandotussuenosiap.org\/wp-content\/uploads\/2025\/11\/Portadas-para-la-plataforma.png 1280w\" sizes=\"(max-width: 1024px) 100vw, 1024px\" \/><\/figure>\n\n<h2 class=\"wp-block-heading has-text-align-center\"><span dir=\"auto\" style=\"vertical-align: inherit;\"><span dir=\"auto\" style=\"vertical-align: inherit;\"><span dir=\"auto\" style=\"vertical-align: inherit;\"><span dir=\"auto\" style=\"vertical-align: inherit;\"><span dir=\"auto\" style=\"vertical-align: inherit;\"><span dir=\"auto\" style=\"vertical-align: inherit;\"><span dir=\"auto\" style=\"vertical-align: inherit;\"><span dir=\"auto\" style=\"vertical-align: inherit;\">Convocatoria Concurso de Roscas de Reyes Artesanal Becando Tus Sue\u00f1os 2026.<\/span><\/span><\/span><\/span><\/span><\/span><\/span><\/span><\/h2>\n\n<p><span dir=\"auto\" style=\"vertical-align: inherit;\"><span dir=\"auto\" style=\"vertical-align: inherit;\"><span dir=\"auto\" style=\"vertical-align: inherit;\"><span dir=\"auto\" style=\"vertical-align: inherit;\"><span dir=\"auto\" style=\"vertical-align: inherit;\"><span dir=\"auto\" style=\"vertical-align: inherit;\"><span dir=\"auto\" style=\"vertical-align: inherit;\"><span dir=\"auto\" style=\"vertical-align: inherit;\"><span dir=\"auto\" style=\"vertical-align: inherit;\"><span dir=\"auto\" style=\"vertical-align: inherit;\">Da clic en los botones que te dejo aqu\u00ed abajo para descargar los archivos PDF con toda la informaci\u00f3n.<\/span><\/span><\/span><\/span><\/span><\/span><\/span><\/span><\/span><\/span><\/p>\n\n<div class=\"wp-block-media-text is-stacked-on-mobile\">\n<figure class=\"wp-block-media-text__media\"><img decoding=\"async\" width=\"791\" height=\"1024\" class=\"wp-image-4350 size-full\" src=\"https:\/\/www.becandotussuenosiap.org\/wp-content\/uploads\/2025\/11\/Copia-de-Recetario-de-la-Masterclass-Online-de-Pan-de-Muerto-Talavera-791x1024.png\" alt=\"\" srcset=\"https:\/\/www.becandotussuenosiap.org\/wp-content\/uploads\/2025\/11\/Copia-de-Recetario-de-la-Masterclass-Online-de-Pan-de-Muerto-Talavera-791x1024.png 791w, https:\/\/www.becandotussuenosiap.org\/wp-content\/uploads\/2025\/11\/Copia-de-Recetario-de-la-Masterclass-Online-de-Pan-de-Muerto-Talavera-232x300.png 232w, https:\/\/www.becandotussuenosiap.org\/wp-content\/uploads\/2025\/11\/Copia-de-Recetario-de-la-Masterclass-Online-de-Pan-de-Muerto-Talavera-768x994.png 768w, https:\/\/www.becandotussuenosiap.org\/wp-content\/uploads\/2025\/11\/Copia-de-Recetario-de-la-Masterclass-Online-de-Pan-de-Muerto-Talavera-1187x1536.png 1187w, https:\/\/www.becandotussuenosiap.org\/wp-content\/uploads\/2025\/11\/Copia-de-Recetario-de-la-Masterclass-Online-de-Pan-de-Muerto-Talavera.png 1545w\" sizes=\"(max-width: 791px) 100vw, 791px\" \/><\/figure>\n<div class=\"wp-block-media-text__content\">\n<p>\u00a0<\/p>\n<p><span dir=\"auto\" style=\"vertical-align: inherit;\"><span dir=\"auto\" style=\"vertical-align: inherit;\"><span dir=\"auto\" style=\"vertical-align: inherit;\"><span dir=\"auto\" style=\"vertical-align: inherit;\"><span dir=\"auto\" style=\"vertical-align: inherit;\"><span dir=\"auto\" style=\"vertical-align: inherit;\"><span dir=\"auto\" style=\"vertical-align: inherit;\"><span dir=\"auto\" style=\"vertical-align: inherit;\">Lineamientos y Reglas de Participaci\u00f3n Concurso Rosca de Reyes Artesanal Becando Tus Sue\u00f1os 2026.<\/span><\/span><\/span><\/span><\/span><\/span><\/span><\/span><\/p>\n\n<div class=\"wp-block-buttons is-layout-flex wp-block-buttons-is-layout-flex\">\n<div class=\"wp-block-button\"><a class=\"wp-block-button__link wp-element-button\" href=\"https:\/\/www.becandotussuenosiap.org\/wp-content\/uploads\/2025\/11\/Lineamientos-y-Reglas-de-Participacion-Concurso-Rosca-de-Reyes-Artesanal-Becando-Tus-Suenos-I.A.P.pdf\"><span dir=\"auto\" style=\"vertical-align: inherit;\"><span dir=\"auto\" style=\"vertical-align: inherit;\"><span dir=\"auto\" style=\"vertical-align: inherit;\"><span dir=\"auto\" style=\"vertical-align: inherit;\"><span dir=\"auto\" style=\"vertical-align: inherit;\"><span dir=\"auto\" style=\"vertical-align: inherit;\"><span dir=\"auto\" style=\"vertical-align: inherit;\"><span dir=\"auto\" style=\"vertical-align: inherit;\">Descargar el PDF<\/span><\/span><\/span><\/span><\/span><\/span><\/span><\/span><\/a><\/div>\n<\/div>\n<div>\u00a0<\/div>\n<\/div>\n<\/div>\n\n<div class=\"wp-block-media-text is-stacked-on-mobile\">\n<figure class=\"wp-block-media-text__media\"><img loading=\"lazy\" decoding=\"async\" width=\"791\" height=\"1024\" class=\"wp-image-4352 size-full\" src=\"https:\/\/www.becandotussuenosiap.org\/wp-content\/uploads\/2025\/11\/9-791x1024.png\" alt=\"\" srcset=\"https:\/\/www.becandotussuenosiap.org\/wp-content\/uploads\/2025\/11\/9-791x1024.png 791w, https:\/\/www.becandotussuenosiap.org\/wp-content\/uploads\/2025\/11\/9-232x300.png 232w, https:\/\/www.becandotussuenosiap.org\/wp-content\/uploads\/2025\/11\/9-768x994.png 768w, https:\/\/www.becandotussuenosiap.org\/wp-content\/uploads\/2025\/11\/9-1187x1536.png 1187w, https:\/\/www.becandotussuenosiap.org\/wp-content\/uploads\/2025\/11\/9.png 1545w\" sizes=\"(max-width: 791px) 100vw, 791px\" \/><\/figure>\n<div class=\"wp-block-media-text__content\">\n<p><span dir=\"auto\" style=\"vertical-align: inherit;\"><span dir=\"auto\" style=\"vertical-align: inherit;\"><span dir=\"auto\" style=\"vertical-align: inherit;\"><span dir=\"auto\" style=\"vertical-align: inherit;\"><span dir=\"auto\" style=\"vertical-align: inherit;\"><span dir=\"auto\" style=\"vertical-align: inherit;\"><span dir=\"auto\" style=\"vertical-align: inherit;\"><span dir=\"auto\" style=\"vertical-align: inherit;\">Convocatoria Concurso Rosca de Reyes Artesanal Becando Tus Sue\u00f1os 2026.<\/span><\/span><\/span><\/span><\/span><\/span><\/span><\/span><\/p>\n\n<div class=\"wp-block-buttons is-layout-flex wp-block-buttons-is-layout-flex\">\n<div class=\"wp-block-button\"><a class=\"wp-block-button__link wp-element-button\" href=\"https:\/\/www.becandotussuenosiap.org\/wp-content\/uploads\/2025\/11\/Convocatoria-Concurso-Rosca-de-Reyes-Artesanal-Becando-Tus-Suenos-2026.pdf\"><span dir=\"auto\" style=\"vertical-align: inherit;\"><span dir=\"auto\" style=\"vertical-align: inherit;\"><span dir=\"auto\" style=\"vertical-align: inherit;\"><span dir=\"auto\" style=\"vertical-align: inherit;\"><span dir=\"auto\" style=\"vertical-align: inherit;\"><span dir=\"auto\" style=\"vertical-align: inherit;\"><span dir=\"auto\" style=\"vertical-align: inherit;\"><span dir=\"auto\" style=\"vertical-align: inherit;\">Descargar el PDF<\/span><\/span><\/span><\/span><\/span><\/span><\/span><\/span><\/a><\/div>\n<\/div>\n<div>\u00a0<\/div>\n<\/div>\n<\/div>\n\n<div class=\"wp-block-media-text is-stacked-on-mobile\">\n<figure class=\"wp-block-media-text__media\"><img loading=\"lazy\" decoding=\"async\" width=\"791\" height=\"1024\" class=\"wp-image-4355 size-full\" src=\"https:\/\/www.becandotussuenosiap.org\/wp-content\/uploads\/2025\/11\/14-791x1024.png\" alt=\"\" srcset=\"https:\/\/www.becandotussuenosiap.org\/wp-content\/uploads\/2025\/11\/14-791x1024.png 791w, https:\/\/www.becandotussuenosiap.org\/wp-content\/uploads\/2025\/11\/14-232x300.png 232w, https:\/\/www.becandotussuenosiap.org\/wp-content\/uploads\/2025\/11\/14-768x994.png 768w, https:\/\/www.becandotussuenosiap.org\/wp-content\/uploads\/2025\/11\/14-1187x1536.png 1187w, https:\/\/www.becandotussuenosiap.org\/wp-content\/uploads\/2025\/11\/14.png 1545w\" sizes=\"(max-width: 791px) 100vw, 791px\" \/><\/figure>\n<div class=\"wp-block-media-text__content\">\n<p><span dir=\"auto\" style=\"vertical-align: inherit;\"><span dir=\"auto\" style=\"vertical-align: inherit;\"><span dir=\"auto\" style=\"vertical-align: inherit;\"><span dir=\"auto\" style=\"vertical-align: inherit;\"><span dir=\"auto\" style=\"vertical-align: inherit;\"><span dir=\"auto\" style=\"vertical-align: inherit;\"><span dir=\"auto\" style=\"vertical-align: inherit;\"><span dir=\"auto\" style=\"vertical-align: inherit;\">Carta de Deslinde de Responsabilidades del Concurso de Rosca de Reyes Artesanal Becando Tus Sue\u00f1os 2026.<\/span><\/span><\/span><\/span><\/span><\/span><\/span><\/span><\/p>\n\n<div class=\"wp-block-buttons is-layout-flex wp-block-buttons-is-layout-flex\">\n<div class=\"wp-block-button\"><a class=\"wp-block-button__link wp-element-button\" href=\"https:\/\/www.becandotussuenosiap.org\/wp-content\/uploads\/2025\/11\/Carta-de-Delsinde-de-Responsabilidades-del-Concurso-de-Rosca-de-Reyes-Artesanal-Becando-Tus-Suenos-2026.pdf\"><span dir=\"auto\" style=\"vertical-align: inherit;\"><span dir=\"auto\" style=\"vertical-align: inherit;\"><span dir=\"auto\" style=\"vertical-align: inherit;\"><span dir=\"auto\" style=\"vertical-align: inherit;\"><span dir=\"auto\" style=\"vertical-align: inherit;\"><span dir=\"auto\" style=\"vertical-align: inherit;\"><span dir=\"auto\" style=\"vertical-align: inherit;\"><span dir=\"auto\" style=\"vertical-align: inherit;\">descargar el pdf<\/span><\/span><\/span><\/span><\/span><\/span><\/span><\/span><\/a><\/div>\n<\/div>\n<div>\u00a0<\/div>\n<\/div>\n<\/div>\n\n<div class=\"wp-block-media-text is-stacked-on-mobile\">\n<figure class=\"wp-block-media-text__media\"><img loading=\"lazy\" decoding=\"async\" width=\"791\" height=\"1024\" class=\"wp-image-4358 size-full\" src=\"https:\/\/www.becandotussuenosiap.org\/wp-content\/uploads\/2025\/11\/16-791x1024.png\" alt=\"\" srcset=\"https:\/\/www.becandotussuenosiap.org\/wp-content\/uploads\/2025\/11\/16-791x1024.png 791w, https:\/\/www.becandotussuenosiap.org\/wp-content\/uploads\/2025\/11\/16-232x300.png 232w, https:\/\/www.becandotussuenosiap.org\/wp-content\/uploads\/2025\/11\/16-768x994.png 768w, https:\/\/www.becandotussuenosiap.org\/wp-content\/uploads\/2025\/11\/16-1187x1536.png 1187w, https:\/\/www.becandotussuenosiap.org\/wp-content\/uploads\/2025\/11\/16.png 1545w\" sizes=\"(max-width: 791px) 100vw, 791px\" \/><\/figure>\n<div class=\"wp-block-media-text__content\">\n<p><span dir=\"auto\" style=\"vertical-align: inherit;\"><span dir=\"auto\" style=\"vertical-align: inherit;\"><span dir=\"auto\" style=\"vertical-align: inherit;\"><span dir=\"auto\" style=\"vertical-align: inherit;\"><span dir=\"auto\" style=\"vertical-align: inherit;\"><span dir=\"auto\" style=\"vertical-align: inherit;\"><span dir=\"auto\" style=\"vertical-align: inherit;\"><span dir=\"auto\" style=\"vertical-align: inherit;\">Formato de Inscripci\u00f3n del Concurso de Rosca de Reyes Artesanal Becando Tus Sue\u00f1os 2026.<\/span><\/span><\/span><\/span><\/span><\/span><\/span><\/span><\/p>\n\n<div class=\"wp-block-buttons is-layout-flex wp-block-buttons-is-layout-flex\">\n<div class=\"wp-block-button\"><a class=\"wp-block-button__link wp-element-button\" href=\"https:\/\/www.becandotussuenosiap.org\/wp-content\/uploads\/2025\/11\/Formato-de-Inscripcion-del-Concurso-de-Rosca-de-Reyes-Artesanal-Becando-Tus-Suenos-2026.pdf\"><span dir=\"auto\" style=\"vertical-align: inherit;\"><span dir=\"auto\" style=\"vertical-align: inherit;\"><span dir=\"auto\" style=\"vertical-align: inherit;\"><span dir=\"auto\" style=\"vertical-align: inherit;\"><span dir=\"auto\" style=\"vertical-align: inherit;\"><span dir=\"auto\" style=\"vertical-align: inherit;\"><span dir=\"auto\" style=\"vertical-align: inherit;\"><span dir=\"auto\" style=\"vertical-align: inherit;\">descargar el pdf<\/span><\/span><\/span><\/span><\/span><\/span><\/span><\/span><\/a><\/div>\n<\/div>\n<\/div>\n<\/div>\n\t\t\t\t\t\t\t\t<\/div>\n\t\t\t\t<\/div>\n\t\t\t\t\t<\/div>\n\t\t\t\t<\/div>\n\t\t\t\t<\/div>\n\t\t","protected":false},"excerpt":{"rendered":"<p>\ud83d\udea8\ud83d\udd34 AVISO URGENTE \u2013 LEER ANTES DE PAGAR \ud83d\udd34\ud83d\udea8 Gracias a la gran respuesta recibida, informamos que el Concurso de Rosca de Reyes Becando Tus Sue\u00f1os 2026 ya est\u00e1 AGOTADO.No se aceptan m\u00e1s inscripciones. \u26a0 IMPORTANTE:A partir de este aviso, cualquier pago o registro realizado NO ES REEMBOLSABLE.Por favor lean cuidadosamente esta informaci\u00f3n antes de [&hellip;]<\/p>\n","protected":false},"author":1,"featured_media":0,"parent":0,"menu_order":0,"comment_status":"closed","ping_status":"closed","template":"","meta":{"give_campaign_id":0,"site-sidebar-layout":"default","site-content-layout":"","ast-site-content-layout":"default","site-content-style":"default","site-sidebar-style":"default","ast-global-header-display":"","ast-banner-title-visibility":"","ast-main-header-display":"","ast-hfb-above-header-display":"","ast-hfb-below-header-display":"","ast-hfb-mobile-header-display":"","site-post-title":"","ast-breadcrumbs-content":"","ast-featured-img":"","footer-sml-layout":"","ast-disable-related-posts":"","theme-transparent-header-meta":"","adv-header-id-meta":"","stick-header-meta":"","header-above-stick-meta":"","header-main-stick-meta":"","header-below-stick-meta":"","astra-migrate-meta-layouts":"set","ast-page-background-enabled":"default","ast-page-background-meta":{"desktop":{"background-color":"","background-image":"","background-repeat":"repeat","background-position":"center center","background-size":"auto","background-attachment":"scroll","background-type":"","background-media":"","overlay-type":"","overlay-color":"","overlay-gradient":""},"tablet":{"background-color":"","background-image":"","background-repeat":"repeat","background-position":"center center","background-size":"auto","background-attachment":"scroll","background-type":"","background-media":"","overlay-type":"","overlay-color":"","overlay-gradient":""},"mobile":{"background-color":"","background-image":"","background-repeat":"repeat","background-position":"center center","background-size":"auto","background-attachment":"scroll","background-type":"","background-media":"","overlay-type":"","overlay-color":"","overlay-gradient":""}},"ast-content-background-meta":{"desktop":{"background-color":"var(--ast-global-color-5)","background-image":"","background-repeat":"repeat","background-position":"center center","background-size":"auto","background-attachment":"scroll","background-type":"","background-media":"","overlay-type":"","overlay-color":"","overlay-gradient":""},"tablet":{"background-color":"var(--ast-global-color-5)","background-image":"","background-repeat":"repeat","background-position":"center center","background-size":"auto","background-attachment":"scroll","background-type":"","background-media":"","overlay-type":"","overlay-color":"","overlay-gradient":""},"mobile":{"background-color":"var(--ast-global-color-5)","background-image":"","background-repeat":"repeat","background-position":"center center","background-size":"auto","background-attachment":"scroll","background-type":"","background-media":"","overlay-type":"","overlay-color":"","overlay-gradient":""}},"footnotes":""},"class_list":["post-4316","page","type-page","status-publish","hentry"],"campaignId":"","_links":{"self":[{"href":"https:\/\/www.becandotussuenosiap.org\/index.php?rest_route=\/wp\/v2\/pages\/4316","targetHints":{"allow":["GET"]}}],"collection":[{"href":"https:\/\/www.becandotussuenosiap.org\/index.php?rest_route=\/wp\/v2\/pages"}],"about":[{"href":"https:\/\/www.becandotussuenosiap.org\/index.php?rest_route=\/wp\/v2\/types\/page"}],"author":[{"embeddable":true,"href":"https:\/\/www.becandotussuenosiap.org\/index.php?rest_route=\/wp\/v2\/users\/1"}],"replies":[{"embeddable":true,"href":"https:\/\/www.becandotussuenosiap.org\/index.php?rest_route=%2Fwp%2Fv2%2Fcomments&post=4316"}],"version-history":[{"count":10,"href":"https:\/\/www.becandotussuenosiap.org\/index.php?rest_route=\/wp\/v2\/pages\/4316\/revisions"}],"predecessor-version":[{"id":4386,"href":"https:\/\/www.becandotussuenosiap.org\/index.php?rest_route=\/wp\/v2\/pages\/4316\/revisions\/4386"}],"wp:attachment":[{"href":"https:\/\/www.becandotussuenosiap.org\/index.php?rest_route=%2Fwp%2Fv2%2Fmedia&parent=4316"}],"curies":[{"name":"wp","href":"https:\/\/api.w.org\/{rel}","templated":true}]}}